{"id":7137,"date":"2024-07-18T13:58:38","date_gmt":"2024-07-18T11:58:38","guid":{"rendered":"https:\/\/www.webstagemcstudio.it\/foco\/informativa-sulla-privacy\/"},"modified":"2025-10-08T10:28:31","modified_gmt":"2025-10-08T08:28:31","slug":"informativa-sulla-privacy","status":"publish","type":"page","link":"https:\/\/thefocoproject.com\/it\/informativa-sulla-privacy\/","title":{"rendered":"Informativa sulla privacy"},"content":{"rendered":"<p>[et_pb_section fb_built=&#8221;1&#8243; module_class=&#8221;regular-section&#8221; _builder_version=&#8221;4.26.1&#8243; _module_preset=&#8221;default&#8221; custom_margin_tablet=&#8221;&#8221; custom_margin_phone=&#8221;4vh||||false|false&#8221; custom_margin_last_edited=&#8221;on|phone&#8221; locked=&#8221;off&#8221; global_colors_info=&#8221;{}&#8221;][et_pb_row _builder_version=&#8221;4.26.1&#8243; _module_preset=&#8221;default&#8221; width=&#8221;90%&#8221; max_width=&#8221;90%&#8221; global_colors_info=&#8221;{}&#8221;][et_pb_column type=&#8221;4_4&#8243; _builder_version=&#8221;4.26.1&#8243; _module_preset=&#8221;default&#8221; global_colors_info=&#8221;{}&#8221;][et_pb_text content_tablet=&#8221;<\/p>\n<h2 class=%22section-header%22><span class=%22pangaia%22>Quello che vediamo<\/span><\/h2>\n<p>&#8221; content_phone=&#8221;<\/p>\n<h2 class=%22section-header%22>Quello che vediamo<\/h2>\n<p>&#8221; content_last_edited=&#8221;on|phone&#8221; _builder_version=&#8221;4.26.1&#8243; _module_preset=&#8221;default&#8221; custom_margin=&#8221;||0px||false|false&#8221; hover_enabled=&#8221;0&#8243; global_colors_info=&#8221;{}&#8221; sticky_enabled=&#8221;0&#8243;]<\/p>\n<h2 class=\"section-header\"><span class=\"pangaia\">Informativa sulla privacy<\/span><\/h2>\n<p>[\/et_pb_text][\/et_pb_column][\/et_pb_row][et_pb_row _builder_version=&#8221;4.26.1&#8243; _module_preset=&#8221;default&#8221; custom_padding=&#8221;0px||0px||false|false&#8221; hover_enabled=&#8221;0&#8243; global_colors_info=&#8221;{}&#8221; sticky_enabled=&#8221;0&#8243;][et_pb_column type=&#8221;4_4&#8243; _builder_version=&#8221;4.26.1&#8243; _module_preset=&#8221;default&#8221; global_colors_info=&#8221;{}&#8221;][et_pb_text admin_label=&#8221;Texto&#8221; _builder_version=&#8221;4.27.0&#8243; _module_preset=&#8221;ff3fc0e0-a781-44e8-a4cf-56f4b194b0e5&#8243; custom_margin=&#8221;70px||70px||false|false&#8221; hover_enabled=&#8221;0&#8243; inline_fonts=&#8221;Pangaia&#8221; global_colors_info=&#8221;{}&#8221; sticky_enabled=&#8221;0&#8243;]<\/p>\n<p style=\"text-align: left;\"><strong>Propriet\u00e0 intellettuale e industriale<\/strong><\/p>\n<p style=\"text-align: left;\">Tutti i contenuti visualizzati sul portale e, in particolare, i disegni, i testi, la grafica, i loghi, le icone, i pulsanti, il software, i nomi commerciali, i marchi, i disegni industriali o qualsiasi altro segno suscettibile di utilizzo industriale e commerciale sono soggetti ai diritti di propriet\u00e0 intellettuale e industriale di GABASA CONSULTING, S.L. o di terzi titolari degli stessi che ne hanno debitamente autorizzato l&#8217;inserimento nel Portale.<\/p>\n<p style=\"text-align: left;\">En ning\u00fan caso se entender\u00e1 que se concede licencia alguna o se efect\u00faa renuncia, transmisi\u00f3n, cesi\u00f3n total o parcial de dichos derechos ni se confiere ning\u00fan derecho, y en especial, de alteraci\u00f3n, explotaci\u00f3n, reproducci\u00f3n, distribuci\u00f3n o comunicaci\u00f3n publica sobre dichos contenidos sin la previa autorizaci\u00f3n expresa de GABASA CONSULTING, S.L. o de los titulares correspondientes.<\/p>\n<p>[\/et_pb_text][\/et_pb_column][\/et_pb_row][\/et_pb_section]<\/p>\n","protected":false},"excerpt":{"rendered":"<p>Informativa sulla privacyPropriet\u00e0 intellettuale e industriale Tutti i contenuti visualizzati sul portale e, in particolare, i disegni, i testi, la grafica, i loghi, le icone, i pulsanti, il software, i nomi commerciali, i marchi, i disegni industriali o qualsiasi altro segno suscettibile di utilizzo industriale e commerciale sono soggetti ai diritti di propriet\u00e0 intellettuale e [&hellip;]<\/p>\n","protected":false},"author":10,"featured_media":0,"parent":0,"menu_order":0,"comment_status":"closed","ping_status":"closed","template":"","meta":{"_acf_changed":false,"_et_pb_use_builder":"on","_et_pb_old_content":"","_et_gb_content_width":"","footnotes":""},"class_list":["post-7137","page","type-page","status-publish","hentry"],"acf":[],"yoast_head":"<!-- This site is optimized with the Yoast SEO plugin v27.4 - https:\/\/yoast.com\/product\/yoast-seo-wordpress\/ -->\n<title>The Foco Project | Designed in Madrid Exclusive design Glasses<\/title>\n<meta name=\"robots\" content=\"index, follow, max-snippet:-1, max-image-preview:large, max-video-preview:-1\" \/>\n<link rel=\"canonical\" href=\"https:\/\/thefocoproject.com\/it\/informativa-sulla-privacy\/\" \/>\n<meta property=\"og:locale\" content=\"it_IT\" \/>\n<meta property=\"og:type\" content=\"article\" \/>\n<meta property=\"og:title\" content=\"The Foco Project | Designed in Madrid Exclusive design Glasses\" \/>\n<meta property=\"og:description\" content=\"Informativa sulla privacyPropriet\u00e0 intellettuale e industriale Tutti i contenuti visualizzati sul portale e, in particolare, i disegni, i testi, la grafica, i loghi, le icone, i pulsanti, il software, i nomi commerciali, i marchi, i disegni industriali o qualsiasi altro segno suscettibile di utilizzo industriale e commerciale sono soggetti ai diritti di propriet\u00e0 intellettuale e [&hellip;]\" \/>\n<meta property=\"og:url\" content=\"https:\/\/thefocoproject.com\/it\/informativa-sulla-privacy\/\" \/>\n<meta property=\"og:site_name\" content=\"The Foco Project\" \/>\n<meta property=\"article:modified_time\" content=\"2025-10-08T08:28:31+00:00\" \/>\n<meta name=\"twitter:card\" content=\"summary_large_image\" \/>\n<meta name=\"twitter:label1\" content=\"Tempo di lettura stimato\" \/>\n\t<meta name=\"twitter:data1\" content=\"2 minuti\" \/>\n<script type=\"application\/ld+json\" class=\"yoast-schema-graph\">{\"@context\":\"https:\\\/\\\/schema.org\",\"@graph\":[{\"@type\":\"WebPage\",\"@id\":\"https:\\\/\\\/thefocoproject.com\\\/it\\\/informativa-sulla-privacy\\\/\",\"url\":\"https:\\\/\\\/thefocoproject.com\\\/it\\\/informativa-sulla-privacy\\\/\",\"name\":\"The Foco Project | Designed in Madrid Exclusive design Glasses\",\"isPartOf\":{\"@id\":\"https:\\\/\\\/thefocoproject.com\\\/it\\\/#website\"},\"datePublished\":\"2024-07-18T11:58:38+00:00\",\"dateModified\":\"2025-10-08T08:28:31+00:00\",\"inLanguage\":\"it-IT\",\"potentialAction\":[{\"@type\":\"ReadAction\",\"target\":[\"https:\\\/\\\/thefocoproject.com\\\/it\\\/informativa-sulla-privacy\\\/\"]}]},{\"@type\":\"WebSite\",\"@id\":\"https:\\\/\\\/thefocoproject.com\\\/it\\\/#website\",\"url\":\"https:\\\/\\\/thefocoproject.com\\\/it\\\/\",\"name\":\"The FOCO Project\",\"description\":\"La moda de no mirar para otro lado\",\"publisher\":{\"@id\":\"https:\\\/\\\/thefocoproject.com\\\/it\\\/#organization\"},\"potentialAction\":[{\"@type\":\"SearchAction\",\"target\":{\"@type\":\"EntryPoint\",\"urlTemplate\":\"https:\\\/\\\/thefocoproject.com\\\/it\\\/?s={search_term_string}\"},\"query-input\":{\"@type\":\"PropertyValueSpecification\",\"valueRequired\":true,\"valueName\":\"search_term_string\"}}],\"inLanguage\":\"it-IT\"},{\"@type\":\"Organization\",\"@id\":\"https:\\\/\\\/thefocoproject.com\\\/it\\\/#organization\",\"name\":\"Foco\",\"url\":\"https:\\\/\\\/thefocoproject.com\\\/it\\\/\",\"logo\":{\"@type\":\"ImageObject\",\"inLanguage\":\"it-IT\",\"@id\":\"https:\\\/\\\/thefocoproject.com\\\/it\\\/#\\\/schema\\\/logo\\\/image\\\/\",\"url\":\"https:\\\/\\\/thefocoproject.com\\\/wp-content\\\/uploads\\\/2024\\\/07\\\/logo-e1721217621422-removebg-preview.png\",\"contentUrl\":\"https:\\\/\\\/thefocoproject.com\\\/wp-content\\\/uploads\\\/2024\\\/07\\\/logo-e1721217621422-removebg-preview.png\",\"width\":531,\"height\":172,\"caption\":\"Foco\"},\"image\":{\"@id\":\"https:\\\/\\\/thefocoproject.com\\\/it\\\/#\\\/schema\\\/logo\\\/image\\\/\"},\"sameAs\":[\"https:\\\/\\\/www.instagram.com\\\/thefocoproject\"]}]}<\/script>\n<!-- \/ Yoast SEO plugin. -->","yoast_head_json":{"title":"The Foco Project | Designed in Madrid Exclusive design Glasses","robots":{"index":"index","follow":"follow","max-snippet":"max-snippet:-1","max-image-preview":"max-image-preview:large","max-video-preview":"max-video-preview:-1"},"canonical":"https:\/\/thefocoproject.com\/it\/informativa-sulla-privacy\/","og_locale":"it_IT","og_type":"article","og_title":"The Foco Project | Designed in Madrid Exclusive design Glasses","og_description":"Informativa sulla privacyPropriet\u00e0 intellettuale e industriale Tutti i contenuti visualizzati sul portale e, in particolare, i disegni, i testi, la grafica, i loghi, le icone, i pulsanti, il software, i nomi commerciali, i marchi, i disegni industriali o qualsiasi altro segno suscettibile di utilizzo industriale e commerciale sono soggetti ai diritti di propriet\u00e0 intellettuale e [&hellip;]","og_url":"https:\/\/thefocoproject.com\/it\/informativa-sulla-privacy\/","og_site_name":"The Foco Project","article_modified_time":"2025-10-08T08:28:31+00:00","twitter_card":"summary_large_image","twitter_misc":{"Tempo di lettura stimato":"2 minuti"},"schema":{"@context":"https:\/\/schema.org","@graph":[{"@type":"WebPage","@id":"https:\/\/thefocoproject.com\/it\/informativa-sulla-privacy\/","url":"https:\/\/thefocoproject.com\/it\/informativa-sulla-privacy\/","name":"The Foco Project | Designed in Madrid Exclusive design Glasses","isPartOf":{"@id":"https:\/\/thefocoproject.com\/it\/#website"},"datePublished":"2024-07-18T11:58:38+00:00","dateModified":"2025-10-08T08:28:31+00:00","inLanguage":"it-IT","potentialAction":[{"@type":"ReadAction","target":["https:\/\/thefocoproject.com\/it\/informativa-sulla-privacy\/"]}]},{"@type":"WebSite","@id":"https:\/\/thefocoproject.com\/it\/#website","url":"https:\/\/thefocoproject.com\/it\/","name":"The FOCO Project","description":"La moda de no mirar para otro lado","publisher":{"@id":"https:\/\/thefocoproject.com\/it\/#organization"},"potentialAction":[{"@type":"SearchAction","target":{"@type":"EntryPoint","urlTemplate":"https:\/\/thefocoproject.com\/it\/?s={search_term_string}"},"query-input":{"@type":"PropertyValueSpecification","valueRequired":true,"valueName":"search_term_string"}}],"inLanguage":"it-IT"},{"@type":"Organization","@id":"https:\/\/thefocoproject.com\/it\/#organization","name":"Foco","url":"https:\/\/thefocoproject.com\/it\/","logo":{"@type":"ImageObject","inLanguage":"it-IT","@id":"https:\/\/thefocoproject.com\/it\/#\/schema\/logo\/image\/","url":"https:\/\/thefocoproject.com\/wp-content\/uploads\/2024\/07\/logo-e1721217621422-removebg-preview.png","contentUrl":"https:\/\/thefocoproject.com\/wp-content\/uploads\/2024\/07\/logo-e1721217621422-removebg-preview.png","width":531,"height":172,"caption":"Foco"},"image":{"@id":"https:\/\/thefocoproject.com\/it\/#\/schema\/logo\/image\/"},"sameAs":["https:\/\/www.instagram.com\/thefocoproject"]}]}},"_links":{"self":[{"href":"https:\/\/thefocoproject.com\/it\/wp-json\/wp\/v2\/pages\/7137","targetHints":{"allow":["GET"]}}],"collection":[{"href":"https:\/\/thefocoproject.com\/it\/wp-json\/wp\/v2\/pages"}],"about":[{"href":"https:\/\/thefocoproject.com\/it\/wp-json\/wp\/v2\/types\/page"}],"author":[{"embeddable":true,"href":"https:\/\/thefocoproject.com\/it\/wp-json\/wp\/v2\/users\/10"}],"replies":[{"embeddable":true,"href":"https:\/\/thefocoproject.com\/it\/wp-json\/wp\/v2\/comments?post=7137"}],"version-history":[{"count":0,"href":"https:\/\/thefocoproject.com\/it\/wp-json\/wp\/v2\/pages\/7137\/revisions"}],"wp:attachment":[{"href":"https:\/\/thefocoproject.com\/it\/wp-json\/wp\/v2\/media?parent=7137"}],"curies":[{"name":"wp","href":"https:\/\/api.w.org\/{rel}","templated":true}]}}